{"id":13275,"date":"2025-01-31T12:07:49","date_gmt":"2025-01-31T09:07:49","guid":{"rendered":"https:\/\/tasteofbucharest.ro\/?page_id=13275"},"modified":"2026-04-02T10:59:46","modified_gmt":"2026-04-02T07:59:46","slug":"recomandari","status":"publish","type":"page","link":"https:\/\/tasteofbucharest.ro\/ro\/recomandari\/","title":{"rendered":"Recomandari"},"content":{"rendered":"\n    <section class=\"block-offers\">\n        <div class=\"row\">\n                            <div class=\"col-md-4\">\n                    <article class=\"box\">\n                                                    <h2 class=\"box-title\">\n                                Easter Gastronomy                            <\/h2>\n                                                                            <div class=\"box-image\" style=\"background-image: url(https:\/\/tasteofbucharest.ro\/wp-content\/uploads\/2026\/04\/Sablon-imagine-taste-listings-1.jpg)\">\n                                <span class=\"c c1\"><\/span><span class=\"c c2\"><\/span><span class=\"c c3\"><\/span><span class=\"c c4\"><\/span>\n                            <\/div>\n                                                                            <div class=\"box-description\"><p><strong>Tartar de miel<\/strong><\/p>\n<p>O reinterpretare rafinat\u0103 a tartarului clasic cu mu\u0219chi de miel, capere, mur\u0103turi \u0219i mu\u0219tar Dijon. Echilibrat de br\u00e2nz\u0103 de capr\u0103 cremoas\u0103 \u0219i chipsuri crocante de sfecl\u0103, pentru un gust proasp\u0103t \u0219i elegant.<\/p>\n<p><strong>115 lei<\/strong><\/p>\n                            <\/div>\n                                                                            <p class=\"text-center\"><a class=\"box-link\" href=\"https:\/\/tasteofbucharest.ro\/ro\/restaurant\/aristocool\/\" target=\"_blank\">Afl\u0103 mai mult<\/a><\/p>\n                        \n                    <\/article>\n                <\/div>\n                                <div class=\"col-md-4\">\n                    <article class=\"box\">\n                                                    <h2 class=\"box-title\">\n                                Easter Gastronomy                            <\/h2>\n                                                                            <div class=\"box-image\" style=\"background-image: url(https:\/\/tasteofbucharest.ro\/wp-content\/uploads\/2026\/04\/Sablon-imagine-taste-listings-7.jpg)\">\n                                <span class=\"c c1\"><\/span><span class=\"c c2\"><\/span><span class=\"c c3\"><\/span><span class=\"c c4\"><\/span>\n                            <\/div>\n                                                                            <div class=\"box-description\"><p><strong>Muschi de Miel la Cuptor<\/strong><\/p>\n<p>Un preparat elegant din mu\u0219chi de miel fraged, g\u0103tit lent pentru a p\u0103stra suculen\u021ba \u0219i textura delicat\u0103. Servit cu legume baby \u0219i aioli pentru un gust bogat \u0219i echilibrat.<\/p>\n<p><strong>180 lei<\/strong><\/p>\n                            <\/div>\n                                                                            <p class=\"text-center\"><a class=\"box-link\" href=\"https:\/\/tasteofbucharest.ro\/restaurant\/aristocool\/\" target=\"_blank\">Afl\u0103 mai mult<\/a><\/p>\n                        \n                    <\/article>\n                <\/div>\n                                <div class=\"col-md-4\">\n                    <article class=\"box\">\n                                                    <h2 class=\"box-title\">\n                                Spirits of Romania                            <\/h2>\n                                                                            <div class=\"box-image\" style=\"background-image: url(https:\/\/tasteofbucharest.ro\/wp-content\/uploads\/2026\/04\/Sablon-imagine-taste-listings.jpg)\">\n                                <span class=\"c c1\"><\/span><span class=\"c c2\"><\/span><span class=\"c c3\"><\/span><span class=\"c c4\"><\/span>\n                            <\/div>\n                                                                            <div class=\"box-description\"><p><strong>The Red Thread<\/strong><\/p>\n<p>Un cocktail inspirat de firul ro\u0219u rom\u00e2nesc, simbol al norocului \u0219i al noilor \u00eenceputuri. Vi\u0219inata aduce note fructate intense, echilibrate de prospe\u021bimea l\u0103m\u00e2ii \u0219i de o not\u0103 juc\u0103u\u0219\u0103 de ginger beer.<\/p>\n<p><strong>55 lei<\/strong><em><br \/>\n<\/em><\/p>\n                            <\/div>\n                                                                            <p class=\"text-center\"><a class=\"box-link\" href=\"https:\/\/tasteofbucharest.ro\/restaurant\/aristocool\/\" target=\"_blank\">Afl\u0103 mai mult<\/a><\/p>\n                        \n                    <\/article>\n                <\/div>\n                <div class=\"clearfix hidden-sm hidden-xs\"><\/div>                <div class=\"col-md-4\">\n                    <article class=\"box\">\n                                                    <h2 class=\"box-title\">\n                                Cous Cous cu arome de primavara                            <\/h2>\n                                                                            <div class=\"box-image\" style=\"background-image: url(https:\/\/tasteofbucharest.ro\/wp-content\/uploads\/2026\/04\/Sablon-imagine-taste-listings-2.jpg)\">\n                                <span class=\"c c1\"><\/span><span class=\"c c2\"><\/span><span class=\"c c3\"><\/span><span class=\"c c4\"><\/span>\n                            <\/div>\n                                                                            <div class=\"box-description\"><p><strong>Cous Cous cu arome de primavara<\/strong><\/p>\n<p>Un preparat u\u0219or \u0219i plin de prospe\u021bime, cu cous cous \u0219i legume de prim\u0103var\u0103, asezonat delicat cu ulei de m\u0103sline, ierburi \u0219i condimente, pentru un gust echilibrat \u0219i reconfortant.<\/p>\n<p><strong>42 lei<\/strong><\/p>\n                            <\/div>\n                                                                            <p class=\"text-center\"><a class=\"box-link\" href=\"https:\/\/tasteofbucharest.ro\/restaurant\/sharkia\/\" target=\"_blank\">Afl\u0103 mai mult<\/a><\/p>\n                        \n                    <\/article>\n                <\/div>\n                                <div class=\"col-md-4\">\n                    <article class=\"box\">\n                                                    <h2 class=\"box-title\">\n                                Sabzi &#038; Orez Basmati                            <\/h2>\n                                                                            <div class=\"box-image\" style=\"background-image: url(https:\/\/tasteofbucharest.ro\/wp-content\/uploads\/2026\/04\/Sablon-imagine-taste-listings-3.jpg)\">\n                                <span class=\"c c1\"><\/span><span class=\"c c2\"><\/span><span class=\"c c3\"><\/span><span class=\"c c4\"><\/span>\n                            <\/div>\n                                                                            <div class=\"box-description\"><p><strong>Sabzi &amp; Orez Basmati<\/strong><\/p>\n<p>Un preparat reconfortant, inspirat din buc\u0103t\u0103ria levantin\u0103, cu pui fraged, verde\u021buri de prim\u0103var\u0103 \u0219i condimente aromate, servit cu orez basmati, pentru un gust bogat \u0219i echilibrat.<\/p>\n<p><strong>80 lei<\/strong><\/p>\n                            <\/div>\n                                                                            <p class=\"text-center\"><a class=\"box-link\" href=\"https:\/\/tasteofbucharest.ro\/restaurant\/sharkia\/\" target=\"_blank\">Afl\u0103 mai mult<\/a><\/p>\n                        \n                    <\/article>\n                <\/div>\n                                <div class=\"col-md-4\">\n                    <article class=\"box\">\n                                                    <h2 class=\"box-title\">\n                                Levantin Gin                            <\/h2>\n                                                                            <div class=\"box-image\" style=\"background-image: url(https:\/\/tasteofbucharest.ro\/wp-content\/uploads\/2026\/04\/Sablon-imagine-taste-listings-4.jpg)\">\n                                <span class=\"c c1\"><\/span><span class=\"c c2\"><\/span><span class=\"c c3\"><\/span><span class=\"c c4\"><\/span>\n                            <\/div>\n                                                                            <div class=\"box-description\"><p><strong>Levantin Gin<\/strong><\/p>\n<p>Un cocktail proasp\u0103t \u0219i aromatic, inspirat de aromele levantine. Ginul se \u00eembin\u0103 cu coriandrul citric \u0219i l\u0103m\u00e2ia, echilibrate de ap\u0103 tonic\u0103 pentru o experien\u021b\u0103 rafinat\u0103 \u0219i revigorant\u0103.<\/p>\n<p><strong>40 lei<\/strong><\/p>\n                            <\/div>\n                                                                            <p class=\"text-center\"><a class=\"box-link\" href=\"https:\/\/tasteofbucharest.ro\/restaurant\/sharkia\/\" target=\"_blank\">Afl\u0103 mai mult<\/a><\/p>\n                        \n                    <\/article>\n                <\/div>\n                <div class=\"clearfix hidden-sm hidden-xs\"><\/div>                <div class=\"col-md-4\">\n                    <article class=\"box\">\n                                                    <h2 class=\"box-title\">\n                                Biban de Mare Chilean                            <\/h2>\n                                                                            <div class=\"box-image\" style=\"background-image: url(https:\/\/tasteofbucharest.ro\/wp-content\/uploads\/2026\/04\/Sablon-imagine-taste-listings-5.jpg)\">\n                                <span class=\"c c1\"><\/span><span class=\"c c2\"><\/span><span class=\"c c3\"><\/span><span class=\"c c4\"><\/span>\n                            <\/div>\n                                                                            <div class=\"box-description\"><p><strong>Biban de Mare Chilean<\/strong><\/p>\n<p>Un pe\u0219te premium, preparat \u00een stil japonez Saiky\u014d-yaki, marinat \u00een miso alb dulce \u0219i g\u0103tit la gr\u0103tar. Textur\u0103 fin\u0103 \u0219i suculent\u0103, servit cu ciuperci, piure de dovleac \u0219i broccoli baby.<\/p>\n<p><strong>190 lei<\/strong><\/p>\n                            <\/div>\n                                                                            <p class=\"text-center\"><a class=\"box-link\" href=\"https:\/\/tasteofbucharest.ro\/restaurant\/ginger-sushi-bar-lounge\/\" target=\"_blank\">Afl\u0103 mai mult<\/a><\/p>\n                        \n                    <\/article>\n                <\/div>\n                                <div class=\"col-md-4\">\n                    <article class=\"box\">\n                                                    <h2 class=\"box-title\">\n                                Sayuri Nigori Sake                            <\/h2>\n                                                                            <div class=\"box-image\" style=\"background-image: url(https:\/\/tasteofbucharest.ro\/wp-content\/uploads\/2026\/04\/Sablon-imagine-taste-listings-6.jpg)\">\n                                <span class=\"c c1\"><\/span><span class=\"c c2\"><\/span><span class=\"c c3\"><\/span><span class=\"c c4\"><\/span>\n                            <\/div>\n                                                                            <div class=\"box-description\"><p><strong>Sayuri Nigori Sake<\/strong><\/p>\n<p>Un sake semi-filtrat, fin \u0219i floral, cu note de struguri albi \u0219i floare de cire\u0219, oferind un gust cremos \u0219i un finish catifelat.<\/p>\n<p><strong>45 lei<\/strong><\/p>\n                            <\/div>\n                                                                            <p class=\"text-center\"><a class=\"box-link\" href=\"https:\/\/tasteofbucharest.ro\/restaurant\/ginger-sushi-bar-lounge\/\" target=\"_blank\">Afl\u0103 mai mult<\/a><\/p>\n                        \n                    <\/article>\n                <\/div>\n                        <\/div>\n    <\/section>\n\n\n","protected":false},"excerpt":{"rendered":"","protected":false},"author":1,"featured_media":0,"parent":0,"menu_order":0,"comment_status":"closed","ping_status":"closed","template":"","meta":{"_acf_changed":false,"footnotes":""},"class_list":["post-13275","page","type-page","status-publish","hentry"],"acf":[],"yoast_head":"<!-- This site is optimized with the Yoast SEO plugin v26.1.1 - https:\/\/yoast.com\/wordpress\/plugins\/seo\/ -->\n<title>Recomandari - Taste of Bucharest<\/title>\n<meta name=\"robots\" content=\"index, follow, max-snippet:-1, max-image-preview:large, max-video-preview:-1\" \/>\n<link rel=\"canonical\" href=\"https:\/\/tasteofbucharest.ro\/ro\/recomandari\/\" \/>\n<meta property=\"og:locale\" content=\"ro_RO\" \/>\n<meta property=\"og:type\" content=\"article\" \/>\n<meta property=\"og:title\" content=\"Recomandari - Taste of Bucharest\" \/>\n<meta property=\"og:url\" content=\"https:\/\/tasteofbucharest.ro\/ro\/recomandari\/\" \/>\n<meta property=\"og:site_name\" content=\"Taste of Bucharest\" \/>\n<meta property=\"article:publisher\" content=\"https:\/\/www.facebook.com\/Radisson-Blu-HotelBucharest-289412863912\/\" \/>\n<meta property=\"article:modified_time\" content=\"2026-04-02T07:59:46+00:00\" \/>\n<meta name=\"twitter:card\" content=\"summary_large_image\" \/>\n<script type=\"application\/ld+json\" class=\"yoast-schema-graph\">{\"@context\":\"https:\/\/schema.org\",\"@graph\":[{\"@type\":\"WebPage\",\"@id\":\"https:\/\/tasteofbucharest.ro\/ro\/recomandari\/\",\"url\":\"https:\/\/tasteofbucharest.ro\/ro\/recomandari\/\",\"name\":\"Recomandari - Taste of Bucharest\",\"isPartOf\":{\"@id\":\"https:\/\/tasteofbucharest.ro\/ro\/#website\"},\"datePublished\":\"2025-01-31T09:07:49+00:00\",\"dateModified\":\"2026-04-02T07:59:46+00:00\",\"inLanguage\":\"ro-RO\",\"potentialAction\":[{\"@type\":\"ReadAction\",\"target\":[\"https:\/\/tasteofbucharest.ro\/ro\/recomandari\/\"]}]},{\"@type\":\"WebSite\",\"@id\":\"https:\/\/tasteofbucharest.ro\/ro\/#website\",\"url\":\"https:\/\/tasteofbucharest.ro\/ro\/\",\"name\":\"Taste of Bucharest\",\"description\":\"\",\"potentialAction\":[{\"@type\":\"SearchAction\",\"target\":{\"@type\":\"EntryPoint\",\"urlTemplate\":\"https:\/\/tasteofbucharest.ro\/ro\/?s={search_term_string}\"},\"query-input\":{\"@type\":\"PropertyValueSpecification\",\"valueRequired\":true,\"valueName\":\"search_term_string\"}}],\"inLanguage\":\"ro-RO\"}]}<\/script>\n<!-- \/ Yoast SEO plugin. -->","yoast_head_json":{"title":"Recomandari - Taste of Bucharest","robots":{"index":"index","follow":"follow","max-snippet":"max-snippet:-1","max-image-preview":"max-image-preview:large","max-video-preview":"max-video-preview:-1"},"canonical":"https:\/\/tasteofbucharest.ro\/ro\/recomandari\/","og_locale":"ro_RO","og_type":"article","og_title":"Recomandari - Taste of Bucharest","og_url":"https:\/\/tasteofbucharest.ro\/ro\/recomandari\/","og_site_name":"Taste of Bucharest","article_publisher":"https:\/\/www.facebook.com\/Radisson-Blu-HotelBucharest-289412863912\/","article_modified_time":"2026-04-02T07:59:46+00:00","twitter_card":"summary_large_image","schema":{"@context":"https:\/\/schema.org","@graph":[{"@type":"WebPage","@id":"https:\/\/tasteofbucharest.ro\/ro\/recomandari\/","url":"https:\/\/tasteofbucharest.ro\/ro\/recomandari\/","name":"Recomandari - Taste of Bucharest","isPartOf":{"@id":"https:\/\/tasteofbucharest.ro\/ro\/#website"},"datePublished":"2025-01-31T09:07:49+00:00","dateModified":"2026-04-02T07:59:46+00:00","inLanguage":"ro-RO","potentialAction":[{"@type":"ReadAction","target":["https:\/\/tasteofbucharest.ro\/ro\/recomandari\/"]}]},{"@type":"WebSite","@id":"https:\/\/tasteofbucharest.ro\/ro\/#website","url":"https:\/\/tasteofbucharest.ro\/ro\/","name":"Taste of Bucharest","description":"","potentialAction":[{"@type":"SearchAction","target":{"@type":"EntryPoint","urlTemplate":"https:\/\/tasteofbucharest.ro\/ro\/?s={search_term_string}"},"query-input":{"@type":"PropertyValueSpecification","valueRequired":true,"valueName":"search_term_string"}}],"inLanguage":"ro-RO"}]}},"_links":{"self":[{"href":"https:\/\/tasteofbucharest.ro\/ro\/wp-json\/wp\/v2\/pages\/13275","targetHints":{"allow":["GET"]}}],"collection":[{"href":"https:\/\/tasteofbucharest.ro\/ro\/wp-json\/wp\/v2\/pages"}],"about":[{"href":"https:\/\/tasteofbucharest.ro\/ro\/wp-json\/wp\/v2\/types\/page"}],"author":[{"embeddable":true,"href":"https:\/\/tasteofbucharest.ro\/ro\/wp-json\/wp\/v2\/users\/1"}],"replies":[{"embeddable":true,"href":"https:\/\/tasteofbucharest.ro\/ro\/wp-json\/wp\/v2\/comments?post=13275"}],"version-history":[{"count":66,"href":"https:\/\/tasteofbucharest.ro\/ro\/wp-json\/wp\/v2\/pages\/13275\/revisions"}],"predecessor-version":[{"id":15120,"href":"https:\/\/tasteofbucharest.ro\/ro\/wp-json\/wp\/v2\/pages\/13275\/revisions\/15120"}],"wp:attachment":[{"href":"https:\/\/tasteofbucharest.ro\/ro\/wp-json\/wp\/v2\/media?parent=13275"}],"curies":[{"name":"wp","href":"https:\/\/api.w.org\/{rel}","templated":true}]}}