{"id":7401,"date":"2017-03-28T00:01:31","date_gmt":"2017-03-27T21:01:31","guid":{"rendered":"https:\/\/tasteofbucharest.ro\/?page_id=7401"},"modified":"2023-12-07T11:12:11","modified_gmt":"2023-12-07T08:12:11","slug":"contact","status":"publish","type":"page","link":"https:\/\/tasteofbucharest.ro\/ro\/contact\/","title":{"rendered":"Contact"},"content":{"rendered":"\n<p class=\"has-text-align-center\">Radisson Blu Hotel, Bucure\u015fti<\/p>\n\n\n\n<p class=\"has-text-align-center\">Calea Victoriei nr. 63 \u2013 81, Sector 1<br>010065 Bucure\u015fti, Rom\u00e2nia<br>Tel: <a href=\"tel:+40213119000\">+40 21 311 9000<\/a><br>Fax: +40 21 313 9000<br>Email: <a href=\"mailto:info.bucharest@radissonblu.com\">info.bucharest@radissonblu.com<\/a><\/p>\n\n\n\n<p class=\"has-text-align-center\">Urm\u0103re\u0219te-ne pe:<a href=\"https:\/\/www.instagram.com\/radissonblubucharest\/?hl=ro\" target=\"_blank\" rel=\"noreferrer noopener\"><\/a><\/p>\n\n\n\n<div class=\"wp-block-columns is-not-stacked-on-mobile center-icons is-layout-flex wp-container-core-columns-is-layout-9d6595d7 wp-block-columns-is-layout-flex\">\n<div class=\"wp-block-column is-layout-flow wp-block-column-is-layout-flow\" style=\"flex-basis:25px\">\n<div id=\"https:\/\/www.facebook.com\/radissonblubucharest\/?ref=bookmarks\" class=\"wp-block-image\"><figure class=\"aligncenter size-full is-resized\"><a href=\"https:\/\/www.facebook.com\/radissonblubucharest\/?ref=bookmarks\" target=\"_blank\" rel=\"noopener\"><img loading=\"lazy\" decoding=\"async\" src=\"https:\/\/tasteofbucharest.ro\/wp-content\/uploads\/2021\/10\/fb-1.png\" alt=\"\" class=\"wp-image-8059\" width=\"13\" height=\"25\" srcset=\"https:\/\/tasteofbucharest.ro\/wp-content\/uploads\/2021\/10\/fb-1.png 510w, https:\/\/tasteofbucharest.ro\/wp-content\/uploads\/2021\/10\/fb-1-156x300.png 156w\" sizes=\"auto, (max-width: 13px) 100vw, 13px\" \/><\/a><\/figure><\/div>\n<\/div>\n\n\n\n<div class=\"wp-block-column is-layout-flow wp-block-column-is-layout-flow\" style=\"flex-basis:25px\">\n<div id=\"https:\/\/www.instagram.com\/radissonblubucharest\/?hl=ro\" class=\"wp-block-image\"><figure class=\"aligncenter size-full is-resized\"><a href=\"https:\/\/www.instagram.com\/radissonblubucharest\/?hl=ro\" target=\"_blank\" rel=\"noopener\"><img loading=\"lazy\" decoding=\"async\" src=\"https:\/\/tasteofbucharest.ro\/wp-content\/uploads\/2021\/10\/in-1.png\" alt=\"\" class=\"wp-image-8069\" width=\"25\" height=\"25\" srcset=\"https:\/\/tasteofbucharest.ro\/wp-content\/uploads\/2021\/10\/in-1.png 610w, https:\/\/tasteofbucharest.ro\/wp-content\/uploads\/2021\/10\/in-1-300x300.png 300w, https:\/\/tasteofbucharest.ro\/wp-content\/uploads\/2021\/10\/in-1-150x150.png 150w\" sizes=\"auto, (max-width: 25px) 100vw, 25px\" \/><\/a><\/figure><\/div>\n<\/div>\n<\/div>\n","protected":false},"excerpt":{"rendered":"<p>Radisson Blu Hotel, Bucure\u015fti Calea Victoriei nr. 63 \u2013 81, Sector 1010065 Bucure\u015fti, Rom\u00e2niaTel: +40 21 311 9000Fax: +40 21 313 9000Email: info.bucharest@radissonblu.com Urm\u0103re\u0219te-ne pe:<\/p>\n","protected":false},"author":1,"featured_media":0,"parent":0,"menu_order":0,"comment_status":"closed","ping_status":"closed","template":"","meta":{"_acf_changed":false,"footnotes":""},"class_list":["post-7401","page","type-page","status-publish","hentry"],"acf":[],"yoast_head":"<!-- This site is optimized with the Yoast SEO plugin v26.1.1 - https:\/\/yoast.com\/wordpress\/plugins\/seo\/ -->\n<title>Contact - Taste of Bucharest<\/title>\n<meta name=\"robots\" content=\"index, follow, max-snippet:-1, max-image-preview:large, max-video-preview:-1\" \/>\n<link rel=\"canonical\" href=\"https:\/\/tasteofbucharest.ro\/ro\/contact\/\" \/>\n<meta property=\"og:locale\" content=\"ro_RO\" \/>\n<meta property=\"og:type\" content=\"article\" \/>\n<meta property=\"og:title\" content=\"Contact - Taste of Bucharest\" \/>\n<meta property=\"og:description\" content=\"Radisson Blu Hotel, Bucure\u015fti Calea Victoriei nr. 63 \u2013 81, Sector 1010065 Bucure\u015fti, Rom\u00e2niaTel: +40 21 311 9000Fax: +40 21 313 9000Email: info.bucharest@radissonblu.com Urm\u0103re\u0219te-ne pe:\" \/>\n<meta property=\"og:url\" content=\"https:\/\/tasteofbucharest.ro\/ro\/contact\/\" \/>\n<meta property=\"og:site_name\" content=\"Taste of Bucharest\" \/>\n<meta property=\"article:publisher\" content=\"https:\/\/www.facebook.com\/Radisson-Blu-HotelBucharest-289412863912\/\" \/>\n<meta property=\"article:modified_time\" content=\"2023-12-07T08:12:11+00:00\" \/>\n<meta property=\"og:image\" content=\"https:\/\/tasteofbucharest.ro\/wp-content\/uploads\/2021\/10\/fb-1.png\" \/>\n<meta name=\"twitter:card\" content=\"summary_large_image\" \/>\n<meta name=\"twitter:label1\" content=\"Timp estimat pentru citire\" \/>\n\t<meta name=\"twitter:data1\" content=\"1 minut\" \/>\n<script type=\"application\/ld+json\" class=\"yoast-schema-graph\">{\"@context\":\"https:\/\/schema.org\",\"@graph\":[{\"@type\":\"WebPage\",\"@id\":\"https:\/\/tasteofbucharest.ro\/ro\/contact\/\",\"url\":\"https:\/\/tasteofbucharest.ro\/ro\/contact\/\",\"name\":\"Contact - Taste of Bucharest\",\"isPartOf\":{\"@id\":\"https:\/\/tasteofbucharest.ro\/ro\/#website\"},\"primaryImageOfPage\":{\"@id\":\"https:\/\/tasteofbucharest.ro\/ro\/contact\/#primaryimage\"},\"image\":{\"@id\":\"https:\/\/tasteofbucharest.ro\/ro\/contact\/#primaryimage\"},\"thumbnailUrl\":\"https:\/\/tasteofbucharest.ro\/wp-content\/uploads\/2021\/10\/fb-1.png\",\"datePublished\":\"2017-03-27T21:01:31+00:00\",\"dateModified\":\"2023-12-07T08:12:11+00:00\",\"inLanguage\":\"ro-RO\",\"potentialAction\":[{\"@type\":\"ReadAction\",\"target\":[\"https:\/\/tasteofbucharest.ro\/ro\/contact\/\"]}]},{\"@type\":\"ImageObject\",\"inLanguage\":\"ro-RO\",\"@id\":\"https:\/\/tasteofbucharest.ro\/ro\/contact\/#primaryimage\",\"url\":\"https:\/\/tasteofbucharest.ro\/wp-content\/uploads\/2021\/10\/fb-1.png\",\"contentUrl\":\"https:\/\/tasteofbucharest.ro\/wp-content\/uploads\/2021\/10\/fb-1.png\"},{\"@type\":\"WebSite\",\"@id\":\"https:\/\/tasteofbucharest.ro\/ro\/#website\",\"url\":\"https:\/\/tasteofbucharest.ro\/ro\/\",\"name\":\"Taste of Bucharest\",\"description\":\"\",\"potentialAction\":[{\"@type\":\"SearchAction\",\"target\":{\"@type\":\"EntryPoint\",\"urlTemplate\":\"https:\/\/tasteofbucharest.ro\/ro\/?s={search_term_string}\"},\"query-input\":{\"@type\":\"PropertyValueSpecification\",\"valueRequired\":true,\"valueName\":\"search_term_string\"}}],\"inLanguage\":\"ro-RO\"}]}<\/script>\n<!-- \/ Yoast SEO plugin. -->","yoast_head_json":{"title":"Contact - Taste of Bucharest","robots":{"index":"index","follow":"follow","max-snippet":"max-snippet:-1","max-image-preview":"max-image-preview:large","max-video-preview":"max-video-preview:-1"},"canonical":"https:\/\/tasteofbucharest.ro\/ro\/contact\/","og_locale":"ro_RO","og_type":"article","og_title":"Contact - Taste of Bucharest","og_description":"Radisson Blu Hotel, Bucure\u015fti Calea Victoriei nr. 63 \u2013 81, Sector 1010065 Bucure\u015fti, Rom\u00e2niaTel: +40 21 311 9000Fax: +40 21 313 9000Email: info.bucharest@radissonblu.com Urm\u0103re\u0219te-ne pe:","og_url":"https:\/\/tasteofbucharest.ro\/ro\/contact\/","og_site_name":"Taste of Bucharest","article_publisher":"https:\/\/www.facebook.com\/Radisson-Blu-HotelBucharest-289412863912\/","article_modified_time":"2023-12-07T08:12:11+00:00","og_image":[{"url":"https:\/\/tasteofbucharest.ro\/wp-content\/uploads\/2021\/10\/fb-1.png","type":"","width":"","height":""}],"twitter_card":"summary_large_image","twitter_misc":{"Timp estimat pentru citire":"1 minut"},"schema":{"@context":"https:\/\/schema.org","@graph":[{"@type":"WebPage","@id":"https:\/\/tasteofbucharest.ro\/ro\/contact\/","url":"https:\/\/tasteofbucharest.ro\/ro\/contact\/","name":"Contact - Taste of Bucharest","isPartOf":{"@id":"https:\/\/tasteofbucharest.ro\/ro\/#website"},"primaryImageOfPage":{"@id":"https:\/\/tasteofbucharest.ro\/ro\/contact\/#primaryimage"},"image":{"@id":"https:\/\/tasteofbucharest.ro\/ro\/contact\/#primaryimage"},"thumbnailUrl":"https:\/\/tasteofbucharest.ro\/wp-content\/uploads\/2021\/10\/fb-1.png","datePublished":"2017-03-27T21:01:31+00:00","dateModified":"2023-12-07T08:12:11+00:00","inLanguage":"ro-RO","potentialAction":[{"@type":"ReadAction","target":["https:\/\/tasteofbucharest.ro\/ro\/contact\/"]}]},{"@type":"ImageObject","inLanguage":"ro-RO","@id":"https:\/\/tasteofbucharest.ro\/ro\/contact\/#primaryimage","url":"https:\/\/tasteofbucharest.ro\/wp-content\/uploads\/2021\/10\/fb-1.png","contentUrl":"https:\/\/tasteofbucharest.ro\/wp-content\/uploads\/2021\/10\/fb-1.png"},{"@type":"WebSite","@id":"https:\/\/tasteofbucharest.ro\/ro\/#website","url":"https:\/\/tasteofbucharest.ro\/ro\/","name":"Taste of Bucharest","description":"","potentialAction":[{"@type":"SearchAction","target":{"@type":"EntryPoint","urlTemplate":"https:\/\/tasteofbucharest.ro\/ro\/?s={search_term_string}"},"query-input":{"@type":"PropertyValueSpecification","valueRequired":true,"valueName":"search_term_string"}}],"inLanguage":"ro-RO"}]}},"_links":{"self":[{"href":"https:\/\/tasteofbucharest.ro\/ro\/wp-json\/wp\/v2\/pages\/7401","targetHints":{"allow":["GET"]}}],"collection":[{"href":"https:\/\/tasteofbucharest.ro\/ro\/wp-json\/wp\/v2\/pages"}],"about":[{"href":"https:\/\/tasteofbucharest.ro\/ro\/wp-json\/wp\/v2\/types\/page"}],"author":[{"embeddable":true,"href":"https:\/\/tasteofbucharest.ro\/ro\/wp-json\/wp\/v2\/users\/1"}],"replies":[{"embeddable":true,"href":"https:\/\/tasteofbucharest.ro\/ro\/wp-json\/wp\/v2\/comments?post=7401"}],"version-history":[{"count":20,"href":"https:\/\/tasteofbucharest.ro\/ro\/wp-json\/wp\/v2\/pages\/7401\/revisions"}],"predecessor-version":[{"id":11092,"href":"https:\/\/tasteofbucharest.ro\/ro\/wp-json\/wp\/v2\/pages\/7401\/revisions\/11092"}],"wp:attachment":[{"href":"https:\/\/tasteofbucharest.ro\/ro\/wp-json\/wp\/v2\/media?parent=7401"}],"curies":[{"name":"wp","href":"https:\/\/api.w.org\/{rel}","templated":true}]}}